{"id":1002,"date":"2023-05-16T14:41:05","date_gmt":"2023-05-16T18:41:05","guid":{"rendered":"https:\/\/rpmcontrol.cl\/Inicio\/?page_id=1002"},"modified":"2023-05-18T19:09:41","modified_gmt":"2023-05-18T23:09:41","slug":"vlm","status":"publish","type":"page","link":"https:\/\/rpmcontrol.cl\/Inicio\/vlm\/","title":{"rendered":"VLM"},"content":{"rendered":"\n<h2 class=\"wp-block-heading\">Valve Lifecycle Management<\/h2>\n\n\n\n<p><strong><em>Administraci\u00f3n de activos<\/em><\/strong><strong><em><\/em><\/strong><\/p>\n\n\n\n<p>&#8211;&nbsp;&nbsp;&nbsp;&nbsp; Seguimiento del rendimiento, mantenimiento y reparaci\u00f3n a lo largo de la vida \u00fatil de la v\u00e1lvula.<\/p>\n\n\n\n<p><strong><em>Calibraci\u00f3n y ajuste<\/em><\/strong><strong><em><\/em><\/strong><\/p>\n\n\n\n<p>&nbsp;&#8211;&nbsp;&nbsp;&nbsp; Optimizaci\u00f3n del rendimiento de la v\u00e1lvula y la eficiencia del proceso.<\/p>\n\n\n\n<p><strong><em>Monitoreo y Diagn\u00f3stico<\/em><\/strong><strong><em><\/em><\/strong><\/p>\n\n\n\n<ul class=\"wp-block-list\">\n<li>Los diagn\u00f3sticos en l\u00ednea o fuera de l\u00ednea identifican puntos problem\u00e1ticos y ayudan a priorizar la reparaci\u00f3n y el mantenimiento.<\/li>\n<\/ul>\n\n\n\n<p class=\"has-text-align-center\"><strong><em>Herramientas del VLM<\/em><\/strong><\/p>\n\n\n\n<p>Las herramientas VLM de Baker Hughes se pueden usar de forma independiente, pero de manera m\u00e1s efectiva como un conjunto integral de an\u00e1lisis en la nube para aprovechar al m\u00e1ximo sus procesos de v\u00e1lvulas, seg\u00fan sus necesidades.<\/p>\n\n\n\n<figure class=\"wp-block-image size-full is-resized\"><img loading=\"lazy\" decoding=\"async\" src=\"https:\/\/rpmcontrol.cl\/Inicio\/wp-content\/uploads\/2023\/05\/vlm1.jpg\" alt=\"\" class=\"wp-image-1018\" width=\"702\" height=\"560\" srcset=\"https:\/\/rpmcontrol.cl\/Inicio\/wp-content\/uploads\/2023\/05\/vlm1.jpg 702w, https:\/\/rpmcontrol.cl\/Inicio\/wp-content\/uploads\/2023\/05\/vlm1-300x239.jpg 300w\" sizes=\"auto, (max-width: 702px) 100vw, 702px\" \/><\/figure>\n\n\n\n<figure class=\"wp-block-image size-full\"><img loading=\"lazy\" decoding=\"async\" width=\"297\" height=\"140\" src=\"https:\/\/rpmcontrol.cl\/Inicio\/wp-content\/uploads\/2023\/05\/valvue3.jpg\" alt=\"\" class=\"wp-image-1029\"\/><\/figure>\n\n\n\n<figure class=\"wp-block-image size-full\"><img loading=\"lazy\" decoding=\"async\" width=\"592\" height=\"270\" src=\"https:\/\/rpmcontrol.cl\/Inicio\/wp-content\/uploads\/2023\/05\/vlm3.jpg\" alt=\"\" class=\"wp-image-1019\" srcset=\"https:\/\/rpmcontrol.cl\/Inicio\/wp-content\/uploads\/2023\/05\/vlm3.jpg 592w, https:\/\/rpmcontrol.cl\/Inicio\/wp-content\/uploads\/2023\/05\/vlm3-300x137.jpg 300w\" sizes=\"auto, (max-width: 592px) 100vw, 592px\" \/><\/figure>\n\n\n\n<p><\/p>\n\n\n\n<p>&#x2714; Asistente de configuraci\u00f3n<br>&#x2714; Asistente de configuraci\u00f3n <br>&#x2714; Configuraci\u00f3n avanzada <br>&#x2714; Diagn\u00f3stico <br>&#x2714; Ajustes del sistema <br>&#x2714; Gesti\u00f3n de datos  <br>&#x2714; Funciones adicionales<\/p>\n\n\n\n<ul class=\"wp-block-list\">\n<li>Realiza pruebas de configuraci\u00f3n, calibraci\u00f3n y rendimiento de dispositivos digitales Masoneilan u otras marcas.<\/li>\n\n\n\n<li>F\u00e1cil de Integrar con los sistemas m\u00e1s usados en el mercado, AMS (Emerson), PRM (Yokogawa) y FDM (Honeywell)<\/li>\n\n\n\n<li>Compatibilidad con hardware de interfaz, como m\u00f3dems serie y USB HART y Foundation Fieldbus, puertas de enlace Wireless HART, multiplexor y m\u00f3dems Bluetooth HART<\/li>\n\n\n\n<li>Wireless HART Gateway with Ethernet connection to PC ValVue 3.6 + DTM for SVI 3 &amp; Gateway<\/li>\n\n\n\n<li>Control System HART Analog Output Cards with ValVue 3.6 + SVI 3 DTM integrated into server network<\/li>\n<\/ul>\n\n\n\n<figure class=\"wp-block-image size-full\"><img loading=\"lazy\" decoding=\"async\" width=\"321\" height=\"140\" src=\"https:\/\/rpmcontrol.cl\/Inicio\/wp-content\/uploads\/2023\/05\/valvaware.jpg\" alt=\"\" class=\"wp-image-1032\" srcset=\"https:\/\/rpmcontrol.cl\/Inicio\/wp-content\/uploads\/2023\/05\/valvaware.jpg 321w, https:\/\/rpmcontrol.cl\/Inicio\/wp-content\/uploads\/2023\/05\/valvaware-300x131.jpg 300w\" sizes=\"auto, (max-width: 321px) 100vw, 321px\" \/><\/figure>\n\n\n\n<p>En cualquier control de fluidos es esencial la precisi\u00f3n para la rentabilidad de los procesos cr\u00edticos.<\/p>\n\n\n\n<p>La confiabilidad y precisi\u00f3n de la v\u00e1lvula de control son cr\u00edticas para lograr resultados optimizados.<\/p>\n\n\n\n<p>Seleccionar la v\u00e1lvula de control adecuada para las condiciones del proceso es la mitad del desaf\u00edo.<\/p>\n\n\n\n<p>Mantener y optimizar el rendimiento de estas v\u00e1lvulas a largo plazo puede pasarse por alto f\u00e1cilmente y al final convertirse en el mayor contribuyente a los malos rendimientos y procesos deficientes por factores que llevan a que una v\u00e1lvula de control se salga de su calibraci\u00f3n o se vuelva un elemento fuera de tono.<\/p>\n\n\n\n<p>Con una buena informaci\u00f3n disponible, del estado de la v\u00e1lvula, estos problemas se pueden observar muy bien, como atascamiento, fricci\u00f3n, mal deslizamiento, oscilaci\u00f3n alrededor del punto de ajuste, etc.<\/p>\n\n\n\n<p>El plan de mantenimiento correcto es esencial para la operaci\u00f3n a largo plazo y eliminaci\u00f3n de las fallas antes mencionadas.<\/p>\n\n\n\n<p>Por esta raz\u00f3n una plataforma de diagn\u00f3stico adecuada para monitorear tendencias y comprender c\u00f3mo modificar la v\u00e1lvula para una mejor operaci\u00f3n es esencial en estos tiempos.<\/p>\n\n\n\n<p><strong>ValveAware&#x2122; <\/strong>supervisa continuamente el rendimiento del control mediante el seguimiento de la posici\u00f3n de la v\u00e1lvula contra el punto de seteo. Las desviaciones del punto de ajuste son diagnosticadas por seguimiento del error RMS (Root Means Square), que es la cantidad de variaci\u00f3n del proceso experimentado como oscilaci\u00f3n de la v\u00e1lvula, en un intento de encontrar el punto de referencia.<\/p>\n\n\n\n<p><strong>ValveAware&#x2122; <\/strong>realiza un seguimiento del rendimiento de la v\u00e1lvula a trav\u00e9s de un VHI f\u00e1cil de leer (Valve Health Index). medidor donde los usuarios pueden identificar r\u00e1pidamente problemas. Teniendo a su disposici\u00f3n hasta 16 par\u00e1metros de comparaci\u00f3n, que indican y diagnostican la falla potencial.<\/p>\n\n\n\n<p>El diagn\u00f3stico y servicio de optimizaci\u00f3n del rendimiento <strong>ValveAware&#x2122;<\/strong> est\u00e1n disponibles para que los usuarios puedan optimizar el resultado final en sus procesos de control.<\/p>\n\n\n<div class=\"wp-block-image\">\n<figure class=\"alignleft size-full\"><img loading=\"lazy\" decoding=\"async\" width=\"683\" height=\"323\" src=\"https:\/\/rpmcontrol.cl\/Inicio\/wp-content\/uploads\/2023\/05\/vhi2.jpg\" alt=\"\" class=\"wp-image-1031\" srcset=\"https:\/\/rpmcontrol.cl\/Inicio\/wp-content\/uploads\/2023\/05\/vhi2.jpg 683w, https:\/\/rpmcontrol.cl\/Inicio\/wp-content\/uploads\/2023\/05\/vhi2-300x142.jpg 300w\" sizes=\"auto, (max-width: 683px) 100vw, 683px\" \/><\/figure>\n<\/div>\n\n\n<p><\/p>\n\n\n\n<figure class=\"wp-block-image size-full\"><img loading=\"lazy\" decoding=\"async\" width=\"666\" height=\"279\" src=\"https:\/\/rpmcontrol.cl\/Inicio\/wp-content\/uploads\/2023\/05\/Imagen4.png\" alt=\"\" class=\"wp-image-1020\" srcset=\"https:\/\/rpmcontrol.cl\/Inicio\/wp-content\/uploads\/2023\/05\/Imagen4.png 666w, https:\/\/rpmcontrol.cl\/Inicio\/wp-content\/uploads\/2023\/05\/Imagen4-300x126.png 300w\" sizes=\"auto, (max-width: 666px) 100vw, 666px\" \/><\/figure>\n\n\n\n<p>La v\u00e1lvula responde lentamente, el retraso es continuo en la posici\u00f3n de la v\u00e1lvula al punto de que causa la oscilaci\u00f3n del proceso.<\/p>\n\n\n\n<figure class=\"wp-block-image size-full\"><img loading=\"lazy\" decoding=\"async\" width=\"592\" height=\"237\" src=\"https:\/\/rpmcontrol.cl\/Inicio\/wp-content\/uploads\/2023\/05\/Imagen5.png\" alt=\"\" class=\"wp-image-1021\" srcset=\"https:\/\/rpmcontrol.cl\/Inicio\/wp-content\/uploads\/2023\/05\/Imagen5.png 592w, https:\/\/rpmcontrol.cl\/Inicio\/wp-content\/uploads\/2023\/05\/Imagen5-300x120.png 300w\" sizes=\"auto, (max-width: 592px) 100vw, 592px\" \/><\/figure>\n\n\n\n<p>Alta fricci\u00f3n de empaque consistentemente a lo largo del tiempo, muy por encima del rango ideal. Las alertas de fricci\u00f3n y RMS han sido constantes en el tiempo, advirtiendo de la condici\u00f3n de stick-slip que afectar\u00e1 la capacidad de respuesta de la v\u00e1lvula, lo que resultar\u00e1 en la oscilaci\u00f3n del control.<\/p>\n\n\n\n<figure class=\"wp-block-image size-full\"><img loading=\"lazy\" decoding=\"async\" width=\"303\" height=\"146\" src=\"https:\/\/rpmcontrol.cl\/Inicio\/wp-content\/uploads\/2023\/05\/valvkeep.jpg\" alt=\"\" class=\"wp-image-1022\" srcset=\"https:\/\/rpmcontrol.cl\/Inicio\/wp-content\/uploads\/2023\/05\/valvkeep.jpg 303w, https:\/\/rpmcontrol.cl\/Inicio\/wp-content\/uploads\/2023\/05\/valvkeep-300x145.jpg 300w\" sizes=\"auto, (max-width: 303px) 100vw, 303px\" \/><\/figure>\n\n\n\n<p>Potente herramienta de gesti\u00f3n de activos<\/p>\n\n\n\n<p>La herramienta Baker Hughes <strong>ValvKeep<\/strong> es un software intuitivo, f\u00e1cil de usar y basado en el registro de los eventos de vida de sus v\u00e1lvulas, proporcionando informes de estado sobre la v\u00e1lvula, salud, planificaci\u00f3n de mantenimiento futuro y otras funciones de maximizaci\u00f3n de recursos.<\/p>\n\n\n\n<ul class=\"wp-block-list\">\n<li>Seguro, basado en la web, disponible en tiempo real las 24 horas del d\u00eda<\/li>\n\n\n\n<li>Vistas totalmente personalizables<\/li>\n\n\n\n<li>Excelentes comandos de b\u00fasqueda: encuentre una v\u00e1lvula de varias maneras<\/li>\n\n\n\n<li>F\u00e1cil clasificaci\u00f3n y selecci\u00f3n<\/li>\n\n\n\n<li>Almacenar hojas de datos\/certificados de prueba\/otros informes<\/li>\n\n\n\n<li>Reparaci\u00f3n de documentos como un sistema de registro m\u00e9dico<\/li>\n\n\n\n<li>Enumere las piezas intervenida, reemplazadas o que necesitan ser reemplazadas en la pr\u00f3xima interrupci\u00f3n<\/li>\n\n\n\n<li>Almacenar im\u00e1genes y archivos adjuntos gen\u00e9ricos<\/li>\n\n\n\n<li>Muchas funciones anal\u00edticas, incluido el an\u00e1lisis de tendencias<\/li>\n\n\n\n<li>Herramienta de planificaci\u00f3n de calendario<\/li>\n\n\n\n<li>Nube de respuesta \u00fanica para ayudar en la planificaci\u00f3n\/gesti\u00f3n de TAR<\/li>\n\n\n\n<li>Flexibilidad y funcionalidad inigualables<\/li>\n<\/ul>\n\n\n\n<figure class=\"wp-block-image size-large\"><img loading=\"lazy\" decoding=\"async\" width=\"1024\" height=\"444\" src=\"https:\/\/rpmcontrol.cl\/Inicio\/wp-content\/uploads\/2023\/05\/Imagen6-1024x444.png\" alt=\"\" class=\"wp-image-1023\" srcset=\"https:\/\/rpmcontrol.cl\/Inicio\/wp-content\/uploads\/2023\/05\/Imagen6-1024x444.png 1024w, https:\/\/rpmcontrol.cl\/Inicio\/wp-content\/uploads\/2023\/05\/Imagen6-300x130.png 300w, https:\/\/rpmcontrol.cl\/Inicio\/wp-content\/uploads\/2023\/05\/Imagen6-768x333.png 768w, https:\/\/rpmcontrol.cl\/Inicio\/wp-content\/uploads\/2023\/05\/Imagen6.png 1350w\" sizes=\"auto, (max-width: 1024px) 100vw, 1024px\" \/><\/figure>\n\n\n\n<figure class=\"wp-block-image size-large\"><img loading=\"lazy\" decoding=\"async\" width=\"1024\" height=\"400\" src=\"https:\/\/rpmcontrol.cl\/Inicio\/wp-content\/uploads\/2023\/05\/Imagen7-1024x400.png\" alt=\"\" class=\"wp-image-1024\" srcset=\"https:\/\/rpmcontrol.cl\/Inicio\/wp-content\/uploads\/2023\/05\/Imagen7-1024x400.png 1024w, https:\/\/rpmcontrol.cl\/Inicio\/wp-content\/uploads\/2023\/05\/Imagen7-300x117.png 300w, https:\/\/rpmcontrol.cl\/Inicio\/wp-content\/uploads\/2023\/05\/Imagen7-768x300.png 768w, https:\/\/rpmcontrol.cl\/Inicio\/wp-content\/uploads\/2023\/05\/Imagen7.png 1350w\" sizes=\"auto, (max-width: 1024px) 100vw, 1024px\" \/><\/figure>\n\n\n\n<p><\/p>\n\n\n\n<figure class=\"wp-block-image size-full\"><img loading=\"lazy\" decoding=\"async\" width=\"312\" height=\"127\" src=\"https:\/\/rpmcontrol.cl\/Inicio\/wp-content\/uploads\/2023\/05\/valscope.jpg\" alt=\"\" class=\"wp-image-1025\" srcset=\"https:\/\/rpmcontrol.cl\/Inicio\/wp-content\/uploads\/2023\/05\/valscope.jpg 312w, https:\/\/rpmcontrol.cl\/Inicio\/wp-content\/uploads\/2023\/05\/valscope-300x122.jpg 300w\" sizes=\"auto, (max-width: 312px) 100vw, 312px\" \/><\/figure>\n\n\n\n<p><strong>El ValScope-Pro <\/strong>Masoneilan de Baker Hugheses una herramienta de diagn\u00f3stico todo en uno para probar y validar el estado de las v\u00e1lvulas de control, ya sea que las v\u00e1lvulas est\u00e9n equipadas con un posicionador de v\u00e1lvula convencional o digital. ValScope-Pro puede ayudarlo a ahorrar dinero en el mantenimiento de la v\u00e1lvula de control mientras ayuda a mejorar el rendimiento de la v\u00e1lvula.  <\/p>\n\n\n<div class=\"wp-block-image\">\n<figure class=\"alignright size-full\"><img loading=\"lazy\" decoding=\"async\" width=\"229\" height=\"413\" src=\"https:\/\/rpmcontrol.cl\/Inicio\/wp-content\/uploads\/2023\/05\/Imagen8.png\" alt=\"\" class=\"wp-image-1026\" srcset=\"https:\/\/rpmcontrol.cl\/Inicio\/wp-content\/uploads\/2023\/05\/Imagen8.png 229w, https:\/\/rpmcontrol.cl\/Inicio\/wp-content\/uploads\/2023\/05\/Imagen8-166x300.png 166w\" sizes=\"auto, (max-width: 229px) 100vw, 229px\" \/><\/figure>\n<\/div>\n\n\n<p>Posee una Interfaz de pantalla t\u00e1ctil para una operaci\u00f3n simplificada. La funcionalidad avanzada de procesamiento de datos del ValScope-Pro le permite ver la informaci\u00f3n de forma r\u00e1pida y clara a trav\u00e9s de un informe de \u00abhistorial m\u00e9dico\u00bb f\u00e1cil de leer.<\/p>\n\n\n\n<p>las firmas de diagn\u00f3stico y los resultados se pueden cargar a ValvKeep&#x2122; para mejorar la gesti\u00f3n del ciclo de la v\u00e1lvula de control.<\/p>\n\n\n\n<p><strong>V\u00e1lvulas de prueba in situ<\/strong><\/p>\n\n\n\n<p>ValScope-Pro le permite evitar el gasto de retirar las v\u00e1lvulas del funcionamiento y aumentar el tiempo de actividad de las instalaciones al probar sus v\u00e1lvulas in situ. ValScope-Pro puede mejorar su capacidad al hacer un pedido anticipado de piezas de repuesto, retirar las v\u00e1lvulas del servicio solo cuando sea necesario y devolverlas r\u00e1pidamente al servicio. Adem\u00e1s, ValScope-Pro le permite comprobar y calibrar posicionadores en l\u00ednea.<\/p>\n\n\n\n<p><strong>Potentes capacidades de diagn\u00f3stico<\/strong><\/p>\n\n\n\n<p>El sistema ValScope-Pro presenta algunas de las capacidades de diagn\u00f3stico m\u00e1s avanzadas de la industria. Puede realizar diagn\u00f3sticos y calibraciones para monitorear el estado de salud de casi cualquier sistema o subensamblaje de v\u00e1lvulas neum\u00e1ticas. El poderoso software de ValScope-Pro es capaz de probar m\u00e1s de 35 criterios diferentes, incluidos el perfil, la banda muerta, la respuesta y la frecuencia. ValScope-Pro tambi\u00e9n puede secuenciar pruebas para que se ejecuten autom\u00e1ticamente.<\/p>\n\n\n\n<p><strong>Respaldado por Experiencia Comprobada<\/strong><\/p>\n\n\n\n<p>Los profesionales de servicio autorizados de Baker Hughes tienen a\u00f1os de experiencia comprobada en el an\u00e1lisis de firmas de v\u00e1lvulas recopiladas con el sistema ValScope-Pro. Con una experiencia t\u00e9cnica y un conocimiento de la industria inigualables,&nbsp; que pueden ayudarlo a obtener mejores resultados de sus pruebas, mejorando su eficiencia operativa..<\/p>\n","protected":false},"excerpt":{"rendered":"<p>Valve Lifecycle Management Administraci\u00f3n de activos &#8211;&nbsp;&nbsp;&nbsp;&nbsp; Seguimiento del rendimiento, mantenimiento y reparaci\u00f3n a lo largo de la vida \u00fatil de la v\u00e1lvula. Calibraci\u00f3n y ajuste &nbsp;&#8211;&nbsp;&nbsp;&nbsp; Optimizaci\u00f3n del rendimiento de la v\u00e1lvula y la eficiencia del proceso. Monitoreo y Diagn\u00f3stico Herramientas del VLM Las herramientas VLM de Baker Hughes se pueden usar de forma [&hellip;]<\/p>\n","protected":false},"author":1,"featured_media":0,"parent":0,"menu_order":0,"comment_status":"closed","ping_status":"closed","template":"","meta":{"footnotes":""},"class_list":["post-1002","page","type-page","status-publish","hentry"],"yoast_head":"<!-- This site is optimized with the Yoast SEO plugin v23.5 - https:\/\/yoast.com\/wordpress\/plugins\/seo\/ -->\n<title>VLM - RPM CONTROL<\/title>\n<meta name=\"robots\" content=\"index, follow, max-snippet:-1, max-image-preview:large, max-video-preview:-1\" \/>\n<link rel=\"canonical\" href=\"https:\/\/rpmcontrol.cl\/Inicio\/vlm\/\" \/>\n<meta property=\"og:locale\" content=\"es_ES\" \/>\n<meta property=\"og:type\" content=\"article\" \/>\n<meta property=\"og:title\" content=\"VLM - RPM CONTROL\" \/>\n<meta property=\"og:description\" content=\"Valve Lifecycle Management Administraci\u00f3n de activos &#8211;&nbsp;&nbsp;&nbsp;&nbsp; Seguimiento del rendimiento, mantenimiento y reparaci\u00f3n a lo largo de la vida \u00fatil de la v\u00e1lvula. Calibraci\u00f3n y ajuste &nbsp;&#8211;&nbsp;&nbsp;&nbsp; Optimizaci\u00f3n del rendimiento de la v\u00e1lvula y la eficiencia del proceso. Monitoreo y Diagn\u00f3stico Herramientas del VLM Las herramientas VLM de Baker Hughes se pueden usar de forma [&hellip;]\" \/>\n<meta property=\"og:url\" content=\"https:\/\/rpmcontrol.cl\/Inicio\/vlm\/\" \/>\n<meta property=\"og:site_name\" content=\"RPM CONTROL\" \/>\n<meta property=\"article:modified_time\" content=\"2023-05-18T23:09:41+00:00\" \/>\n<meta property=\"og:image\" content=\"https:\/\/rpmcontrol.cl\/Inicio\/wp-content\/uploads\/2023\/05\/vlm1.jpg\" \/>\n<meta name=\"twitter:card\" content=\"summary_large_image\" \/>\n<meta name=\"twitter:label1\" content=\"Tiempo de lectura\" \/>\n\t<meta name=\"twitter:data1\" content=\"6 minutos\" \/>\n<script type=\"application\/ld+json\" class=\"yoast-schema-graph\">{\"@context\":\"https:\/\/schema.org\",\"@graph\":[{\"@type\":\"WebPage\",\"@id\":\"https:\/\/rpmcontrol.cl\/Inicio\/vlm\/\",\"url\":\"https:\/\/rpmcontrol.cl\/Inicio\/vlm\/\",\"name\":\"VLM - RPM CONTROL\",\"isPartOf\":{\"@id\":\"https:\/\/rpmcontrol.cl\/Inicio\/#website\"},\"primaryImageOfPage\":{\"@id\":\"https:\/\/rpmcontrol.cl\/Inicio\/vlm\/#primaryimage\"},\"image\":{\"@id\":\"https:\/\/rpmcontrol.cl\/Inicio\/vlm\/#primaryimage\"},\"thumbnailUrl\":\"https:\/\/rpmcontrol.cl\/Inicio\/wp-content\/uploads\/2023\/05\/vlm1.jpg\",\"datePublished\":\"2023-05-16T18:41:05+00:00\",\"dateModified\":\"2023-05-18T23:09:41+00:00\",\"breadcrumb\":{\"@id\":\"https:\/\/rpmcontrol.cl\/Inicio\/vlm\/#breadcrumb\"},\"inLanguage\":\"es\",\"potentialAction\":[{\"@type\":\"ReadAction\",\"target\":[\"https:\/\/rpmcontrol.cl\/Inicio\/vlm\/\"]}]},{\"@type\":\"ImageObject\",\"inLanguage\":\"es\",\"@id\":\"https:\/\/rpmcontrol.cl\/Inicio\/vlm\/#primaryimage\",\"url\":\"https:\/\/rpmcontrol.cl\/Inicio\/wp-content\/uploads\/2023\/05\/vlm1.jpg\",\"contentUrl\":\"https:\/\/rpmcontrol.cl\/Inicio\/wp-content\/uploads\/2023\/05\/vlm1.jpg\",\"width\":702,\"height\":560},{\"@type\":\"BreadcrumbList\",\"@id\":\"https:\/\/rpmcontrol.cl\/Inicio\/vlm\/#breadcrumb\",\"itemListElement\":[{\"@type\":\"ListItem\",\"position\":1,\"name\":\"Portada\",\"item\":\"https:\/\/rpmcontrol.cl\/Inicio\/\"},{\"@type\":\"ListItem\",\"position\":2,\"name\":\"VLM\"}]},{\"@type\":\"WebSite\",\"@id\":\"https:\/\/rpmcontrol.cl\/Inicio\/#website\",\"url\":\"https:\/\/rpmcontrol.cl\/Inicio\/\",\"name\":\"RPM CONTROL\",\"description\":\"Especialistas en control de fluidos\",\"publisher\":{\"@id\":\"https:\/\/rpmcontrol.cl\/Inicio\/#organization\"},\"potentialAction\":[{\"@type\":\"SearchAction\",\"target\":{\"@type\":\"EntryPoint\",\"urlTemplate\":\"https:\/\/rpmcontrol.cl\/Inicio\/?s={search_term_string}\"},\"query-input\":{\"@type\":\"PropertyValueSpecification\",\"valueRequired\":true,\"valueName\":\"search_term_string\"}}],\"inLanguage\":\"es\"},{\"@type\":\"Organization\",\"@id\":\"https:\/\/rpmcontrol.cl\/Inicio\/#organization\",\"name\":\"RPM CONTROL\",\"url\":\"https:\/\/rpmcontrol.cl\/Inicio\/\",\"logo\":{\"@type\":\"ImageObject\",\"inLanguage\":\"es\",\"@id\":\"https:\/\/rpmcontrol.cl\/Inicio\/#\/schema\/logo\/image\/\",\"url\":\"https:\/\/rpmcontrol.cl\/Inicio\/wp-content\/uploads\/2023\/04\/cropped-logo512.png\",\"contentUrl\":\"https:\/\/rpmcontrol.cl\/Inicio\/wp-content\/uploads\/2023\/04\/cropped-logo512.png\",\"width\":512,\"height\":512,\"caption\":\"RPM CONTROL\"},\"image\":{\"@id\":\"https:\/\/rpmcontrol.cl\/Inicio\/#\/schema\/logo\/image\/\"}}]}<\/script>\n<!-- \/ Yoast SEO plugin. -->","yoast_head_json":{"title":"VLM - RPM CONTROL","robots":{"index":"index","follow":"follow","max-snippet":"max-snippet:-1","max-image-preview":"max-image-preview:large","max-video-preview":"max-video-preview:-1"},"canonical":"https:\/\/rpmcontrol.cl\/Inicio\/vlm\/","og_locale":"es_ES","og_type":"article","og_title":"VLM - RPM CONTROL","og_description":"Valve Lifecycle Management Administraci\u00f3n de activos &#8211;&nbsp;&nbsp;&nbsp;&nbsp; Seguimiento del rendimiento, mantenimiento y reparaci\u00f3n a lo largo de la vida \u00fatil de la v\u00e1lvula. Calibraci\u00f3n y ajuste &nbsp;&#8211;&nbsp;&nbsp;&nbsp; Optimizaci\u00f3n del rendimiento de la v\u00e1lvula y la eficiencia del proceso. Monitoreo y Diagn\u00f3stico Herramientas del VLM Las herramientas VLM de Baker Hughes se pueden usar de forma [&hellip;]","og_url":"https:\/\/rpmcontrol.cl\/Inicio\/vlm\/","og_site_name":"RPM CONTROL","article_modified_time":"2023-05-18T23:09:41+00:00","og_image":[{"url":"https:\/\/rpmcontrol.cl\/Inicio\/wp-content\/uploads\/2023\/05\/vlm1.jpg"}],"twitter_card":"summary_large_image","twitter_misc":{"Tiempo de lectura":"6 minutos"},"schema":{"@context":"https:\/\/schema.org","@graph":[{"@type":"WebPage","@id":"https:\/\/rpmcontrol.cl\/Inicio\/vlm\/","url":"https:\/\/rpmcontrol.cl\/Inicio\/vlm\/","name":"VLM - RPM CONTROL","isPartOf":{"@id":"https:\/\/rpmcontrol.cl\/Inicio\/#website"},"primaryImageOfPage":{"@id":"https:\/\/rpmcontrol.cl\/Inicio\/vlm\/#primaryimage"},"image":{"@id":"https:\/\/rpmcontrol.cl\/Inicio\/vlm\/#primaryimage"},"thumbnailUrl":"https:\/\/rpmcontrol.cl\/Inicio\/wp-content\/uploads\/2023\/05\/vlm1.jpg","datePublished":"2023-05-16T18:41:05+00:00","dateModified":"2023-05-18T23:09:41+00:00","breadcrumb":{"@id":"https:\/\/rpmcontrol.cl\/Inicio\/vlm\/#breadcrumb"},"inLanguage":"es","potentialAction":[{"@type":"ReadAction","target":["https:\/\/rpmcontrol.cl\/Inicio\/vlm\/"]}]},{"@type":"ImageObject","inLanguage":"es","@id":"https:\/\/rpmcontrol.cl\/Inicio\/vlm\/#primaryimage","url":"https:\/\/rpmcontrol.cl\/Inicio\/wp-content\/uploads\/2023\/05\/vlm1.jpg","contentUrl":"https:\/\/rpmcontrol.cl\/Inicio\/wp-content\/uploads\/2023\/05\/vlm1.jpg","width":702,"height":560},{"@type":"BreadcrumbList","@id":"https:\/\/rpmcontrol.cl\/Inicio\/vlm\/#breadcrumb","itemListElement":[{"@type":"ListItem","position":1,"name":"Portada","item":"https:\/\/rpmcontrol.cl\/Inicio\/"},{"@type":"ListItem","position":2,"name":"VLM"}]},{"@type":"WebSite","@id":"https:\/\/rpmcontrol.cl\/Inicio\/#website","url":"https:\/\/rpmcontrol.cl\/Inicio\/","name":"RPM CONTROL","description":"Especialistas en control de fluidos","publisher":{"@id":"https:\/\/rpmcontrol.cl\/Inicio\/#organization"},"potentialAction":[{"@type":"SearchAction","target":{"@type":"EntryPoint","urlTemplate":"https:\/\/rpmcontrol.cl\/Inicio\/?s={search_term_string}"},"query-input":{"@type":"PropertyValueSpecification","valueRequired":true,"valueName":"search_term_string"}}],"inLanguage":"es"},{"@type":"Organization","@id":"https:\/\/rpmcontrol.cl\/Inicio\/#organization","name":"RPM CONTROL","url":"https:\/\/rpmcontrol.cl\/Inicio\/","logo":{"@type":"ImageObject","inLanguage":"es","@id":"https:\/\/rpmcontrol.cl\/Inicio\/#\/schema\/logo\/image\/","url":"https:\/\/rpmcontrol.cl\/Inicio\/wp-content\/uploads\/2023\/04\/cropped-logo512.png","contentUrl":"https:\/\/rpmcontrol.cl\/Inicio\/wp-content\/uploads\/2023\/04\/cropped-logo512.png","width":512,"height":512,"caption":"RPM CONTROL"},"image":{"@id":"https:\/\/rpmcontrol.cl\/Inicio\/#\/schema\/logo\/image\/"}}]}},"_links":{"self":[{"href":"https:\/\/rpmcontrol.cl\/Inicio\/wp-json\/wp\/v2\/pages\/1002","targetHints":{"allow":["GET"]}}],"collection":[{"href":"https:\/\/rpmcontrol.cl\/Inicio\/wp-json\/wp\/v2\/pages"}],"about":[{"href":"https:\/\/rpmcontrol.cl\/Inicio\/wp-json\/wp\/v2\/types\/page"}],"author":[{"embeddable":true,"href":"https:\/\/rpmcontrol.cl\/Inicio\/wp-json\/wp\/v2\/users\/1"}],"replies":[{"embeddable":true,"href":"https:\/\/rpmcontrol.cl\/Inicio\/wp-json\/wp\/v2\/comments?post=1002"}],"version-history":[{"count":7,"href":"https:\/\/rpmcontrol.cl\/Inicio\/wp-json\/wp\/v2\/pages\/1002\/revisions"}],"predecessor-version":[{"id":1095,"href":"https:\/\/rpmcontrol.cl\/Inicio\/wp-json\/wp\/v2\/pages\/1002\/revisions\/1095"}],"wp:attachment":[{"href":"https:\/\/rpmcontrol.cl\/Inicio\/wp-json\/wp\/v2\/media?parent=1002"}],"curies":[{"name":"wp","href":"https:\/\/api.w.org\/{rel}","templated":true}]}}