{"id":175,"date":"2016-02-13T12:44:53","date_gmt":"2016-02-13T12:44:53","guid":{"rendered":"http:\/\/demo.hashthemes.com\/square\/?page_id=175"},"modified":"2025-07-03T10:50:00","modified_gmt":"2025-07-03T14:50:00","slug":"services","status":"publish","type":"page","link":"https:\/\/rpmcontrol.cl\/Inicio\/services\/","title":{"rendered":"Servicios"},"content":{"rendered":"\n<p class=\"has-text-align-center\">RPM Control Presta servicios en Gesti\u00f3n de activos haciendo Seguimiento del rendimiento, mantenimiento y reparaci\u00f3n a lo largo de la vida \u00fatil de la v\u00e1lvula. Calibraci\u00f3n y Ajuste, Donde Optimizamos el rendimiento de la v\u00e1lvula y la eficiencia del control de proceso. Monitoreo y Diagnostico. Realizamos diagn\u00f3sticos en l\u00ednea o fuera de l\u00ednea identificando puntos problem\u00e1ticos que ayudan a priorizar la reparaci\u00f3n y el mantenimiento. Gesti\u00f3n de respuesta, Planificamos las reparaciones necesarias y las piezas de repuesto mucho antes del requerimiento de la operaci\u00f3n y por ultimo las actualizaciones de productos, donde se ayuda a identificar la soluci\u00f3n correcta cuando sea el momento de reemplazar una v\u00e1lvula de control por bajo rendimiento.<\/p>\n\n\n\n<p><\/p>\n\n\n\n<p class=\"has-text-align-center\"><mark style=\"background-color:rgba(0, 0, 0, 0)\" class=\"has-inline-color has-vivid-green-cyan-color\"><strong>Centros de reparaci\u00f3n autorizados de Masoneilan (MARC)<\/strong><\/mark><br><\/p>\n\n\n\n<p class=\"has-text-align-center\">Productos de calidad combinados con un servicio experto<br>La red global de Baker Hughes de Centros de reparaci\u00f3n autorizados de Masoneilan (MARC*) ofrece soporte certificado de f\u00e1brica que incluye componentes OEM, servicio en el sitio, capacitaci\u00f3n pr\u00e1ctica y an\u00e1lisis posteriores a la instalaci\u00f3n para respaldar sus necesidades de MRO de v\u00e1lvulas de control y maximizar la eficiencia del rendimiento.<\/p>\n\n\n\n<ul class=\"wp-block-list\">\n<li>Servicios de soporte de campo<\/li>\n\n\n\n<li>Servicios de gesti\u00f3n de mantenimiento<\/li>\n\n\n\n<li>Piezas originales del fabricante<\/li>\n\n\n\n<li>servicios de Diagnostico<\/li>\n<\/ul>\n\n\n<div class=\"wp-block-image\">\n<figure class=\"aligncenter size-large is-resized\"><img loading=\"lazy\" decoding=\"async\" width=\"1024\" height=\"65\" src=\"https:\/\/rpmcontrol.cl\/Inicio\/wp-content\/uploads\/2023\/05\/banner-1024x65.png\" alt=\"\" class=\"wp-image-958\" style=\"width:635px;height:40px\" srcset=\"https:\/\/rpmcontrol.cl\/Inicio\/wp-content\/uploads\/2023\/05\/banner-1024x65.png 1024w, https:\/\/rpmcontrol.cl\/Inicio\/wp-content\/uploads\/2023\/05\/banner-300x19.png 300w, https:\/\/rpmcontrol.cl\/Inicio\/wp-content\/uploads\/2023\/05\/banner-768x48.png 768w, https:\/\/rpmcontrol.cl\/Inicio\/wp-content\/uploads\/2023\/05\/banner-1536x97.png 1536w, https:\/\/rpmcontrol.cl\/Inicio\/wp-content\/uploads\/2023\/05\/banner.png 1920w\" sizes=\"auto, (max-width: 1024px) 100vw, 1024px\" \/><\/figure>\n<\/div>\n\n\n<figure class=\"wp-block-image size-full\"><img loading=\"lazy\" decoding=\"async\" width=\"907\" height=\"685\" src=\"https:\/\/rpmcontrol.cl\/Inicio\/wp-content\/uploads\/2025\/07\/MARC-2025_1-1.jpg\" alt=\"\" class=\"wp-image-1705\" srcset=\"https:\/\/rpmcontrol.cl\/Inicio\/wp-content\/uploads\/2025\/07\/MARC-2025_1-1.jpg 907w, https:\/\/rpmcontrol.cl\/Inicio\/wp-content\/uploads\/2025\/07\/MARC-2025_1-1-300x227.jpg 300w, https:\/\/rpmcontrol.cl\/Inicio\/wp-content\/uploads\/2025\/07\/MARC-2025_1-1-768x580.jpg 768w\" sizes=\"auto, (max-width: 907px) 100vw, 907px\" \/><\/figure>\n\n\n\n<figure class=\"wp-block-image size-full\"><img loading=\"lazy\" decoding=\"async\" width=\"906\" height=\"684\" src=\"https:\/\/rpmcontrol.cl\/Inicio\/wp-content\/uploads\/2025\/07\/MARC-2025_2.jpg\" alt=\"\" class=\"wp-image-1701\" srcset=\"https:\/\/rpmcontrol.cl\/Inicio\/wp-content\/uploads\/2025\/07\/MARC-2025_2.jpg 906w, https:\/\/rpmcontrol.cl\/Inicio\/wp-content\/uploads\/2025\/07\/MARC-2025_2-300x226.jpg 300w, https:\/\/rpmcontrol.cl\/Inicio\/wp-content\/uploads\/2025\/07\/MARC-2025_2-768x580.jpg 768w\" sizes=\"auto, (max-width: 906px) 100vw, 906px\" \/><\/figure>\n","protected":false},"excerpt":{"rendered":"<p>RPM Control Presta servicios en Gesti\u00f3n de activos haciendo Seguimiento del rendimiento, mantenimiento y reparaci\u00f3n a lo largo de la vida \u00fatil de la v\u00e1lvula. Calibraci\u00f3n y Ajuste, Donde Optimizamos el rendimiento de la v\u00e1lvula y la eficiencia del control de proceso. Monitoreo y Diagnostico. Realizamos diagn\u00f3sticos en l\u00ednea o fuera de l\u00ednea identificando puntos [&hellip;]<\/p>\n","protected":false},"author":1,"featured_media":0,"parent":0,"menu_order":0,"comment_status":"closed","ping_status":"closed","template":"","meta":{"footnotes":""},"class_list":["post-175","page","type-page","status-publish","hentry"],"yoast_head":"<!-- This site is optimized with the Yoast SEO plugin v23.5 - https:\/\/yoast.com\/wordpress\/plugins\/seo\/ -->\n<title>Servicios - RPM CONTROL<\/title>\n<meta name=\"robots\" content=\"index, follow, max-snippet:-1, max-image-preview:large, max-video-preview:-1\" \/>\n<link rel=\"canonical\" href=\"https:\/\/rpmcontrol.cl\/Inicio\/services\/\" \/>\n<meta property=\"og:locale\" content=\"es_ES\" \/>\n<meta property=\"og:type\" content=\"article\" \/>\n<meta property=\"og:title\" content=\"Servicios - RPM CONTROL\" \/>\n<meta property=\"og:description\" content=\"RPM Control Presta servicios en Gesti\u00f3n de activos haciendo Seguimiento del rendimiento, mantenimiento y reparaci\u00f3n a lo largo de la vida \u00fatil de la v\u00e1lvula. Calibraci\u00f3n y Ajuste, Donde Optimizamos el rendimiento de la v\u00e1lvula y la eficiencia del control de proceso. Monitoreo y Diagnostico. Realizamos diagn\u00f3sticos en l\u00ednea o fuera de l\u00ednea identificando puntos [&hellip;]\" \/>\n<meta property=\"og:url\" content=\"https:\/\/rpmcontrol.cl\/Inicio\/services\/\" \/>\n<meta property=\"og:site_name\" content=\"RPM CONTROL\" \/>\n<meta property=\"article:modified_time\" content=\"2025-07-03T14:50:00+00:00\" \/>\n<meta property=\"og:image\" content=\"https:\/\/rpmcontrol.cl\/Inicio\/wp-content\/uploads\/2023\/05\/banner-1024x65.png\" \/>\n<meta name=\"twitter:card\" content=\"summary_large_image\" \/>\n<meta name=\"twitter:label1\" content=\"Tiempo de lectura\" \/>\n\t<meta name=\"twitter:data1\" content=\"2 minutos\" \/>\n<script type=\"application\/ld+json\" class=\"yoast-schema-graph\">{\"@context\":\"https:\/\/schema.org\",\"@graph\":[{\"@type\":\"WebPage\",\"@id\":\"https:\/\/rpmcontrol.cl\/Inicio\/services\/\",\"url\":\"https:\/\/rpmcontrol.cl\/Inicio\/services\/\",\"name\":\"Servicios - RPM CONTROL\",\"isPartOf\":{\"@id\":\"https:\/\/rpmcontrol.cl\/Inicio\/#website\"},\"primaryImageOfPage\":{\"@id\":\"https:\/\/rpmcontrol.cl\/Inicio\/services\/#primaryimage\"},\"image\":{\"@id\":\"https:\/\/rpmcontrol.cl\/Inicio\/services\/#primaryimage\"},\"thumbnailUrl\":\"https:\/\/rpmcontrol.cl\/Inicio\/wp-content\/uploads\/2023\/05\/banner-1024x65.png\",\"datePublished\":\"2016-02-13T12:44:53+00:00\",\"dateModified\":\"2025-07-03T14:50:00+00:00\",\"breadcrumb\":{\"@id\":\"https:\/\/rpmcontrol.cl\/Inicio\/services\/#breadcrumb\"},\"inLanguage\":\"es\",\"potentialAction\":[{\"@type\":\"ReadAction\",\"target\":[\"https:\/\/rpmcontrol.cl\/Inicio\/services\/\"]}]},{\"@type\":\"ImageObject\",\"inLanguage\":\"es\",\"@id\":\"https:\/\/rpmcontrol.cl\/Inicio\/services\/#primaryimage\",\"url\":\"https:\/\/rpmcontrol.cl\/Inicio\/wp-content\/uploads\/2023\/05\/banner.png\",\"contentUrl\":\"https:\/\/rpmcontrol.cl\/Inicio\/wp-content\/uploads\/2023\/05\/banner.png\",\"width\":1920,\"height\":121},{\"@type\":\"BreadcrumbList\",\"@id\":\"https:\/\/rpmcontrol.cl\/Inicio\/services\/#breadcrumb\",\"itemListElement\":[{\"@type\":\"ListItem\",\"position\":1,\"name\":\"Portada\",\"item\":\"https:\/\/rpmcontrol.cl\/Inicio\/\"},{\"@type\":\"ListItem\",\"position\":2,\"name\":\"Servicios\"}]},{\"@type\":\"WebSite\",\"@id\":\"https:\/\/rpmcontrol.cl\/Inicio\/#website\",\"url\":\"https:\/\/rpmcontrol.cl\/Inicio\/\",\"name\":\"RPM CONTROL\",\"description\":\"Especialistas en control de fluidos\",\"publisher\":{\"@id\":\"https:\/\/rpmcontrol.cl\/Inicio\/#organization\"},\"potentialAction\":[{\"@type\":\"SearchAction\",\"target\":{\"@type\":\"EntryPoint\",\"urlTemplate\":\"https:\/\/rpmcontrol.cl\/Inicio\/?s={search_term_string}\"},\"query-input\":{\"@type\":\"PropertyValueSpecification\",\"valueRequired\":true,\"valueName\":\"search_term_string\"}}],\"inLanguage\":\"es\"},{\"@type\":\"Organization\",\"@id\":\"https:\/\/rpmcontrol.cl\/Inicio\/#organization\",\"name\":\"RPM CONTROL\",\"url\":\"https:\/\/rpmcontrol.cl\/Inicio\/\",\"logo\":{\"@type\":\"ImageObject\",\"inLanguage\":\"es\",\"@id\":\"https:\/\/rpmcontrol.cl\/Inicio\/#\/schema\/logo\/image\/\",\"url\":\"https:\/\/rpmcontrol.cl\/Inicio\/wp-content\/uploads\/2023\/04\/cropped-logo512.png\",\"contentUrl\":\"https:\/\/rpmcontrol.cl\/Inicio\/wp-content\/uploads\/2023\/04\/cropped-logo512.png\",\"width\":512,\"height\":512,\"caption\":\"RPM CONTROL\"},\"image\":{\"@id\":\"https:\/\/rpmcontrol.cl\/Inicio\/#\/schema\/logo\/image\/\"}}]}<\/script>\n<!-- \/ Yoast SEO plugin. -->","yoast_head_json":{"title":"Servicios - RPM CONTROL","robots":{"index":"index","follow":"follow","max-snippet":"max-snippet:-1","max-image-preview":"max-image-preview:large","max-video-preview":"max-video-preview:-1"},"canonical":"https:\/\/rpmcontrol.cl\/Inicio\/services\/","og_locale":"es_ES","og_type":"article","og_title":"Servicios - RPM CONTROL","og_description":"RPM Control Presta servicios en Gesti\u00f3n de activos haciendo Seguimiento del rendimiento, mantenimiento y reparaci\u00f3n a lo largo de la vida \u00fatil de la v\u00e1lvula. Calibraci\u00f3n y Ajuste, Donde Optimizamos el rendimiento de la v\u00e1lvula y la eficiencia del control de proceso. Monitoreo y Diagnostico. Realizamos diagn\u00f3sticos en l\u00ednea o fuera de l\u00ednea identificando puntos [&hellip;]","og_url":"https:\/\/rpmcontrol.cl\/Inicio\/services\/","og_site_name":"RPM CONTROL","article_modified_time":"2025-07-03T14:50:00+00:00","og_image":[{"url":"https:\/\/rpmcontrol.cl\/Inicio\/wp-content\/uploads\/2023\/05\/banner-1024x65.png"}],"twitter_card":"summary_large_image","twitter_misc":{"Tiempo de lectura":"2 minutos"},"schema":{"@context":"https:\/\/schema.org","@graph":[{"@type":"WebPage","@id":"https:\/\/rpmcontrol.cl\/Inicio\/services\/","url":"https:\/\/rpmcontrol.cl\/Inicio\/services\/","name":"Servicios - RPM CONTROL","isPartOf":{"@id":"https:\/\/rpmcontrol.cl\/Inicio\/#website"},"primaryImageOfPage":{"@id":"https:\/\/rpmcontrol.cl\/Inicio\/services\/#primaryimage"},"image":{"@id":"https:\/\/rpmcontrol.cl\/Inicio\/services\/#primaryimage"},"thumbnailUrl":"https:\/\/rpmcontrol.cl\/Inicio\/wp-content\/uploads\/2023\/05\/banner-1024x65.png","datePublished":"2016-02-13T12:44:53+00:00","dateModified":"2025-07-03T14:50:00+00:00","breadcrumb":{"@id":"https:\/\/rpmcontrol.cl\/Inicio\/services\/#breadcrumb"},"inLanguage":"es","potentialAction":[{"@type":"ReadAction","target":["https:\/\/rpmcontrol.cl\/Inicio\/services\/"]}]},{"@type":"ImageObject","inLanguage":"es","@id":"https:\/\/rpmcontrol.cl\/Inicio\/services\/#primaryimage","url":"https:\/\/rpmcontrol.cl\/Inicio\/wp-content\/uploads\/2023\/05\/banner.png","contentUrl":"https:\/\/rpmcontrol.cl\/Inicio\/wp-content\/uploads\/2023\/05\/banner.png","width":1920,"height":121},{"@type":"BreadcrumbList","@id":"https:\/\/rpmcontrol.cl\/Inicio\/services\/#breadcrumb","itemListElement":[{"@type":"ListItem","position":1,"name":"Portada","item":"https:\/\/rpmcontrol.cl\/Inicio\/"},{"@type":"ListItem","position":2,"name":"Servicios"}]},{"@type":"WebSite","@id":"https:\/\/rpmcontrol.cl\/Inicio\/#website","url":"https:\/\/rpmcontrol.cl\/Inicio\/","name":"RPM CONTROL","description":"Especialistas en control de fluidos","publisher":{"@id":"https:\/\/rpmcontrol.cl\/Inicio\/#organization"},"potentialAction":[{"@type":"SearchAction","target":{"@type":"EntryPoint","urlTemplate":"https:\/\/rpmcontrol.cl\/Inicio\/?s={search_term_string}"},"query-input":{"@type":"PropertyValueSpecification","valueRequired":true,"valueName":"search_term_string"}}],"inLanguage":"es"},{"@type":"Organization","@id":"https:\/\/rpmcontrol.cl\/Inicio\/#organization","name":"RPM CONTROL","url":"https:\/\/rpmcontrol.cl\/Inicio\/","logo":{"@type":"ImageObject","inLanguage":"es","@id":"https:\/\/rpmcontrol.cl\/Inicio\/#\/schema\/logo\/image\/","url":"https:\/\/rpmcontrol.cl\/Inicio\/wp-content\/uploads\/2023\/04\/cropped-logo512.png","contentUrl":"https:\/\/rpmcontrol.cl\/Inicio\/wp-content\/uploads\/2023\/04\/cropped-logo512.png","width":512,"height":512,"caption":"RPM CONTROL"},"image":{"@id":"https:\/\/rpmcontrol.cl\/Inicio\/#\/schema\/logo\/image\/"}}]}},"_links":{"self":[{"href":"https:\/\/rpmcontrol.cl\/Inicio\/wp-json\/wp\/v2\/pages\/175","targetHints":{"allow":["GET"]}}],"collection":[{"href":"https:\/\/rpmcontrol.cl\/Inicio\/wp-json\/wp\/v2\/pages"}],"about":[{"href":"https:\/\/rpmcontrol.cl\/Inicio\/wp-json\/wp\/v2\/types\/page"}],"author":[{"embeddable":true,"href":"https:\/\/rpmcontrol.cl\/Inicio\/wp-json\/wp\/v2\/users\/1"}],"replies":[{"embeddable":true,"href":"https:\/\/rpmcontrol.cl\/Inicio\/wp-json\/wp\/v2\/comments?post=175"}],"version-history":[{"count":12,"href":"https:\/\/rpmcontrol.cl\/Inicio\/wp-json\/wp\/v2\/pages\/175\/revisions"}],"predecessor-version":[{"id":1708,"href":"https:\/\/rpmcontrol.cl\/Inicio\/wp-json\/wp\/v2\/pages\/175\/revisions\/1708"}],"wp:attachment":[{"href":"https:\/\/rpmcontrol.cl\/Inicio\/wp-json\/wp\/v2\/media?parent=175"}],"curies":[{"name":"wp","href":"https:\/\/api.w.org\/{rel}","templated":true}]}}