{"id":18,"date":"2015-09-14T16:11:54","date_gmt":"2015-09-14T20:11:54","guid":{"rendered":"http:\/\/demo.hashthemes.com\/square\/?page_id=18"},"modified":"2023-09-07T14:49:15","modified_gmt":"2023-09-07T18:49:15","slug":"home-page","status":"publish","type":"page","link":"https:\/\/rpmcontrol.cl\/Inicio\/","title":{"rendered":"Home Page"},"content":{"rendered":"","protected":false},"excerpt":{"rendered":"","protected":false},"author":1,"featured_media":0,"parent":0,"menu_order":0,"comment_status":"closed","ping_status":"closed","template":"","meta":{"footnotes":""},"class_list":["post-18","page","type-page","status-publish","hentry"],"yoast_head":"<!-- This site is optimized with the Yoast SEO plugin v23.5 - https:\/\/yoast.com\/wordpress\/plugins\/seo\/ -->\n<title>RPM CONTROL - Especialistas en control de fluidos<\/title>\n<meta name=\"description\" content=\"RPM Control es el \u00fanico canal autorizado en Chile para la comercializaci\u00f3n de equipos y repuestos de v\u00e1lvulas de control Masoneilan, Becker y Mooney del grupo Baker Hughes.\" \/>\n<meta name=\"robots\" content=\"index, follow, max-snippet:-1, max-image-preview:large, max-video-preview:-1\" \/>\n<link rel=\"canonical\" href=\"https:\/\/rpmcontrol.cl\/Inicio\/\" \/>\n<meta property=\"og:locale\" content=\"es_ES\" \/>\n<meta property=\"og:type\" content=\"article\" \/>\n<meta property=\"og:title\" content=\"RPM CONTROL - Especialistas en control de fluidos\" \/>\n<meta property=\"og:description\" content=\"RPM Control es el \u00fanico canal autorizado en Chile para la comercializaci\u00f3n de equipos y repuestos de v\u00e1lvulas de control Masoneilan, Becker y Mooney del grupo Baker Hughes.\" \/>\n<meta property=\"og:url\" content=\"https:\/\/rpmcontrol.cl\/Inicio\/\" \/>\n<meta property=\"og:site_name\" content=\"RPM CONTROL\" \/>\n<meta property=\"article:modified_time\" content=\"2023-09-07T18:49:15+00:00\" \/>\n<meta name=\"twitter:card\" content=\"summary_large_image\" \/>\n<script type=\"application\/ld+json\" class=\"yoast-schema-graph\">{\"@context\":\"https:\/\/schema.org\",\"@graph\":[{\"@type\":\"WebPage\",\"@id\":\"https:\/\/rpmcontrol.cl\/Inicio\/\",\"url\":\"https:\/\/rpmcontrol.cl\/Inicio\/\",\"name\":\"RPM CONTROL - Especialistas en control de fluidos\",\"isPartOf\":{\"@id\":\"https:\/\/rpmcontrol.cl\/Inicio\/#website\"},\"datePublished\":\"2015-09-14T20:11:54+00:00\",\"dateModified\":\"2023-09-07T18:49:15+00:00\",\"description\":\"RPM Control es el \u00fanico canal autorizado en Chile para la comercializaci\u00f3n de equipos y repuestos de v\u00e1lvulas de control Masoneilan, Becker y Mooney del grupo Baker Hughes.\",\"breadcrumb\":{\"@id\":\"https:\/\/rpmcontrol.cl\/Inicio\/#breadcrumb\"},\"inLanguage\":\"es\",\"potentialAction\":[{\"@type\":\"ReadAction\",\"target\":[\"https:\/\/rpmcontrol.cl\/Inicio\/\"]}]},{\"@type\":\"BreadcrumbList\",\"@id\":\"https:\/\/rpmcontrol.cl\/Inicio\/#breadcrumb\",\"itemListElement\":[{\"@type\":\"ListItem\",\"position\":1,\"name\":\"Portada\",\"item\":\"https:\/\/rpmcontrol.cl\/Inicio\/\"},{\"@type\":\"ListItem\",\"position\":2,\"name\":\"Home Page\"}]},{\"@type\":\"WebSite\",\"@id\":\"https:\/\/rpmcontrol.cl\/Inicio\/#website\",\"url\":\"https:\/\/rpmcontrol.cl\/Inicio\/\",\"name\":\"RPM CONTROL\",\"description\":\"Especialistas en control de fluidos\",\"publisher\":{\"@id\":\"https:\/\/rpmcontrol.cl\/Inicio\/#organization\"},\"potentialAction\":[{\"@type\":\"SearchAction\",\"target\":{\"@type\":\"EntryPoint\",\"urlTemplate\":\"https:\/\/rpmcontrol.cl\/Inicio\/?s={search_term_string}\"},\"query-input\":{\"@type\":\"PropertyValueSpecification\",\"valueRequired\":true,\"valueName\":\"search_term_string\"}}],\"inLanguage\":\"es\"},{\"@type\":\"Organization\",\"@id\":\"https:\/\/rpmcontrol.cl\/Inicio\/#organization\",\"name\":\"RPM CONTROL\",\"url\":\"https:\/\/rpmcontrol.cl\/Inicio\/\",\"logo\":{\"@type\":\"ImageObject\",\"inLanguage\":\"es\",\"@id\":\"https:\/\/rpmcontrol.cl\/Inicio\/#\/schema\/logo\/image\/\",\"url\":\"https:\/\/rpmcontrol.cl\/Inicio\/wp-content\/uploads\/2023\/04\/cropped-logo512.png\",\"contentUrl\":\"https:\/\/rpmcontrol.cl\/Inicio\/wp-content\/uploads\/2023\/04\/cropped-logo512.png\",\"width\":512,\"height\":512,\"caption\":\"RPM CONTROL\"},\"image\":{\"@id\":\"https:\/\/rpmcontrol.cl\/Inicio\/#\/schema\/logo\/image\/\"}}]}<\/script>\n<!-- \/ Yoast SEO plugin. -->","yoast_head_json":{"title":"RPM CONTROL - Especialistas en control de fluidos","description":"RPM Control es el \u00fanico canal autorizado en Chile para la comercializaci\u00f3n de equipos y repuestos de v\u00e1lvulas de control Masoneilan, Becker y Mooney del grupo Baker Hughes.","robots":{"index":"index","follow":"follow","max-snippet":"max-snippet:-1","max-image-preview":"max-image-preview:large","max-video-preview":"max-video-preview:-1"},"canonical":"https:\/\/rpmcontrol.cl\/Inicio\/","og_locale":"es_ES","og_type":"article","og_title":"RPM CONTROL - Especialistas en control de fluidos","og_description":"RPM Control es el \u00fanico canal autorizado en Chile para la comercializaci\u00f3n de equipos y repuestos de v\u00e1lvulas de control Masoneilan, Becker y Mooney del grupo Baker Hughes.","og_url":"https:\/\/rpmcontrol.cl\/Inicio\/","og_site_name":"RPM CONTROL","article_modified_time":"2023-09-07T18:49:15+00:00","twitter_card":"summary_large_image","schema":{"@context":"https:\/\/schema.org","@graph":[{"@type":"WebPage","@id":"https:\/\/rpmcontrol.cl\/Inicio\/","url":"https:\/\/rpmcontrol.cl\/Inicio\/","name":"RPM CONTROL - Especialistas en control de fluidos","isPartOf":{"@id":"https:\/\/rpmcontrol.cl\/Inicio\/#website"},"datePublished":"2015-09-14T20:11:54+00:00","dateModified":"2023-09-07T18:49:15+00:00","description":"RPM Control es el \u00fanico canal autorizado en Chile para la comercializaci\u00f3n de equipos y repuestos de v\u00e1lvulas de control Masoneilan, Becker y Mooney del grupo Baker Hughes.","breadcrumb":{"@id":"https:\/\/rpmcontrol.cl\/Inicio\/#breadcrumb"},"inLanguage":"es","potentialAction":[{"@type":"ReadAction","target":["https:\/\/rpmcontrol.cl\/Inicio\/"]}]},{"@type":"BreadcrumbList","@id":"https:\/\/rpmcontrol.cl\/Inicio\/#breadcrumb","itemListElement":[{"@type":"ListItem","position":1,"name":"Portada","item":"https:\/\/rpmcontrol.cl\/Inicio\/"},{"@type":"ListItem","position":2,"name":"Home Page"}]},{"@type":"WebSite","@id":"https:\/\/rpmcontrol.cl\/Inicio\/#website","url":"https:\/\/rpmcontrol.cl\/Inicio\/","name":"RPM CONTROL","description":"Especialistas en control de fluidos","publisher":{"@id":"https:\/\/rpmcontrol.cl\/Inicio\/#organization"},"potentialAction":[{"@type":"SearchAction","target":{"@type":"EntryPoint","urlTemplate":"https:\/\/rpmcontrol.cl\/Inicio\/?s={search_term_string}"},"query-input":{"@type":"PropertyValueSpecification","valueRequired":true,"valueName":"search_term_string"}}],"inLanguage":"es"},{"@type":"Organization","@id":"https:\/\/rpmcontrol.cl\/Inicio\/#organization","name":"RPM CONTROL","url":"https:\/\/rpmcontrol.cl\/Inicio\/","logo":{"@type":"ImageObject","inLanguage":"es","@id":"https:\/\/rpmcontrol.cl\/Inicio\/#\/schema\/logo\/image\/","url":"https:\/\/rpmcontrol.cl\/Inicio\/wp-content\/uploads\/2023\/04\/cropped-logo512.png","contentUrl":"https:\/\/rpmcontrol.cl\/Inicio\/wp-content\/uploads\/2023\/04\/cropped-logo512.png","width":512,"height":512,"caption":"RPM CONTROL"},"image":{"@id":"https:\/\/rpmcontrol.cl\/Inicio\/#\/schema\/logo\/image\/"}}]}},"_links":{"self":[{"href":"https:\/\/rpmcontrol.cl\/Inicio\/wp-json\/wp\/v2\/pages\/18","targetHints":{"allow":["GET"]}}],"collection":[{"href":"https:\/\/rpmcontrol.cl\/Inicio\/wp-json\/wp\/v2\/pages"}],"about":[{"href":"https:\/\/rpmcontrol.cl\/Inicio\/wp-json\/wp\/v2\/types\/page"}],"author":[{"embeddable":true,"href":"https:\/\/rpmcontrol.cl\/Inicio\/wp-json\/wp\/v2\/users\/1"}],"replies":[{"embeddable":true,"href":"https:\/\/rpmcontrol.cl\/Inicio\/wp-json\/wp\/v2\/comments?post=18"}],"version-history":[{"count":7,"href":"https:\/\/rpmcontrol.cl\/Inicio\/wp-json\/wp\/v2\/pages\/18\/revisions"}],"predecessor-version":[{"id":1709,"href":"https:\/\/rpmcontrol.cl\/Inicio\/wp-json\/wp\/v2\/pages\/18\/revisions\/1709"}],"wp:attachment":[{"href":"https:\/\/rpmcontrol.cl\/Inicio\/wp-json\/wp\/v2\/media?parent=18"}],"curies":[{"name":"wp","href":"https:\/\/api.w.org\/{rel}","templated":true}]}}